{"id":109,"date":"2019-02-07T13:54:04","date_gmt":"2019-02-07T13:54:04","guid":{"rendered":"https:\/\/fx-fotodesign.de\/?page_id=109"},"modified":"2019-03-06T16:28:44","modified_gmt":"2019-03-06T16:28:44","slug":"portfolio","status":"publish","type":"page","link":"https:\/\/fx-fotodesign.de\/index.php\/portfolio\/","title":{"rendered":"Portfolio"},"content":{"rendered":"\n<p>Wir sind ein Team. Das ist wichtig. Gut\nf\u00fcr uns, weil wir unsere Erfahrungen und Kompetenzen b\u00fcndeln. Und\ndas ist auch gut f\u00fcr Sie. Die Gr\u00fcnde daf\u00fcr sind genau die\ngleichen. \n<\/p>\n\n\n\n<p>Jeder von uns ist seit Jahren\ngestalterisch unterwegs. Jeder ist mit der st\u00e4ndigen\nWeiterentwicklung der technischen M\u00f6glichkeiten und denen in der\nBildbearbeitung mitgewachsen. All die Werkzeuge, die uns heute zur\nVerf\u00fcgung stehen, nutzen wir sch\u00f6pferisch. Damit ist es m\u00f6glich,\naus guten Aufnahmen, ganz besondere Bilder zu machen. Bilder, die\nsich abheben von der breiten Masse. \n<\/p>\n\n\n\n<p>Wir alle sind in unserer realen Umwelt,\nwie auch in allen Medien, einer allgegenw\u00e4rtigen Bilderflut\nausgesetzt. Um auf sein eigenes Produkt aufmerksam zu machen, braucht\nes eine kreative Bild-Idee und eine professionelle Umsetzung. Es\nbraucht Bilder, die es auf den Punkt bringen, an denen keiner\nvorbeischauen kann. \n<\/p>\n\n\n\n<p>Das wollen und k\u00f6nnen wir Ihnen\nbieten. \n<\/p>\n\n\n\n<p>Mit uns zu arbeiten, ist entspannt und\ndabei doch professionell. Wir bereiten uns gut auf einen Job vor,\nsprechen uns mit Ihnen ab, h\u00f6ren gut zu, um zu erfahren was Sie\nerreichen wollen und bringen eigene Ideen mit ein, soweit das\ngew\u00fcnscht ist. \n<\/p>\n\n\n\n<p>Und was wir neben all der\nProfessionalit\u00e4t sehr wichtig finden: Wir sind freundliche Menschen\nund sehr umg\u00e4nglich.<\/p>\n","protected":false},"excerpt":{"rendered":"<p>Wir sind ein Team. Das ist wichtig. Gut f\u00fcr uns, weil wir unsere Erfahrungen und Kompetenzen b\u00fcndeln. Und das ist auch gut f\u00fcr Sie. Die Gr\u00fcnde daf\u00fcr sind genau die gleichen. Jeder von uns ist seit Jahren gestalterisch unterwegs. Jeder ist mit der st\u00e4ndigen Weiterentwicklung der technischen M\u00f6glichkeiten und denen in der Bildbearbeitung mitgewachsen. All [&hellip;]<\/p>\n","protected":false},"author":2,"featured_media":0,"parent":0,"menu_order":2,"comment_status":"closed","ping_status":"closed","template":"page-templates\/page_fullwidth.php","meta":{"footnotes":""},"class_list":["post-109","page","type-page","status-publish","hentry"],"aioseo_notices":[],"_links":{"self":[{"href":"https:\/\/fx-fotodesign.de\/index.php\/wp-json\/wp\/v2\/pages\/109"}],"collection":[{"href":"https:\/\/fx-fotodesign.de\/index.php\/wp-json\/wp\/v2\/pages"}],"about":[{"href":"https:\/\/fx-fotodesign.de\/index.php\/wp-json\/wp\/v2\/types\/page"}],"author":[{"embeddable":true,"href":"https:\/\/fx-fotodesign.de\/index.php\/wp-json\/wp\/v2\/users\/2"}],"replies":[{"embeddable":true,"href":"https:\/\/fx-fotodesign.de\/index.php\/wp-json\/wp\/v2\/comments?post=109"}],"version-history":[{"count":2,"href":"https:\/\/fx-fotodesign.de\/index.php\/wp-json\/wp\/v2\/pages\/109\/revisions"}],"predecessor-version":[{"id":404,"href":"https:\/\/fx-fotodesign.de\/index.php\/wp-json\/wp\/v2\/pages\/109\/revisions\/404"}],"wp:attachment":[{"href":"https:\/\/fx-fotodesign.de\/index.php\/wp-json\/wp\/v2\/media?parent=109"}],"curies":[{"name":"wp","href":"https:\/\/api.w.org\/{rel}","templated":true}]}}